{"id":7357,"date":"2021-07-05T09:45:03","date_gmt":"2021-07-05T07:45:03","guid":{"rendered":"https:\/\/erotik.com\/blog\/?page_id=7357"},"modified":"2022-12-06T23:27:35","modified_gmt":"2022-12-06T22:27:35","slug":"ihr-content-auf-erotikcom","status":"publish","type":"page","link":"https:\/\/erotik.com\/blog\/ihr-content-auf-erotikcom\/","title":{"rendered":"Ihr Content auf Erotik.com"},"content":{"rendered":"\n<figure class=\"wp-block-image size-full is-resized is-style-default\"><img decoding=\"async\" src=\"https:\/\/erotik.com\/blog\/wp-content\/uploads\/2021\/08\/IMG_20200111_162329-scaled.jpg\" alt=\"Porno Content Lizensierung und Ankauf\" class=\"wp-image-7464\" width=\"1280\" height=\"720\" title=\"Porno Content Lizensierung und Ankauf\" srcset=\"https:\/\/erotik.com\/blog\/wp-content\/uploads\/2021\/08\/IMG_20200111_162329-scaled.jpg 2560w, https:\/\/erotik.com\/blog\/wp-content\/uploads\/2021\/08\/IMG_20200111_162329-500x281.jpg 500w, https:\/\/erotik.com\/blog\/wp-content\/uploads\/2021\/08\/IMG_20200111_162329-800x450.jpg 800w, https:\/\/erotik.com\/blog\/wp-content\/uploads\/2021\/08\/IMG_20200111_162329-768x432.jpg 768w, https:\/\/erotik.com\/blog\/wp-content\/uploads\/2021\/08\/IMG_20200111_162329-1536x864.jpg 1536w, https:\/\/erotik.com\/blog\/wp-content\/uploads\/2021\/08\/IMG_20200111_162329-2048x1152.jpg 2048w\" sizes=\"(max-width: 1280px) 100vw, 1280px\" \/><\/figure>\n\n\n\n<p>Sie m\u00f6chten Ihren Content gerne auf <a href=\"https:\/\/erotik.com\" data-type=\"URL\" data-id=\"https:\/\/erotik.com\">EROTIK.com<\/a> vermarkten und von unserem Kundenstamm, unserer langj\u00e4hrigen Erfahrungen und weltweiten Reichweite profitieren?<\/p>\n\n\n\n<p>Wir bieten unterschiedliche Modelle zur Vermarktung ihres Contents:<\/p>\n\n\n\n<h2 class=\"wp-block-heading\">Content-Lizenzierung mit Revenue Share<\/h2>\n\n\n\n<p>Wir platzieren Ihren Content auf EROTIK.com und Sie erhalten eine feste Provision f\u00fcr jeden verkauften Film. Dieses Modell wird meist von gr\u00f6\u00dferen Produzenten bevorzugt, die \u00fcber eine eigene starke Marke verf\u00fcgen.<\/p>\n\n\n\n<h2 class=\"wp-block-heading\">Content-Ankauf<\/h2>\n\n\n\n<p>Wir kaufen Ihnen einzelne Filme\/Szenen oder Sammlungen zu einem vereinbarten Festpreis ab.<\/p>\n\n\n\n<h3 class=\"wp-block-heading\">Folgende Voraussetzungen sollten erf\u00fcllt sein, bevor Sie sich bei uns melden:<\/h3>\n\n\n\n<ul class=\"wp-block-list\">\n<li>Alle Darsteller sind mindestens <a href=\"https:\/\/erotik.com\/tags\/18-jahre-alt\" title=\"18 Jahre alt Porno\">18 Jahre alt<\/a><\/li>\n\n\n\n<li>Sie verf\u00fcgen \u00fcber Einverst\u00e4ndniserkl\u00e4rungen und Identit\u00e4tsnachweise aller am Dreh beteiligten Personen<\/li>\n<\/ul>\n\n\n\n<p>Melden Sie sich bei uns und stellen Sie uns Ihren Content unverbindlich vor. Bei Fragen schicken Sie uns einfach eine E-Mail an content@erotik.com oder f\u00fcllen am besten das folgende Formular aus:<\/p>\n\n\n<div class=\"bde-form-builder-39194-100-39194-1 bde-form-builder bde-form-builder-39194-100\">\n\n<form id=\"contact-form100\" class=\"breakdance-form breakdance-form--vertical\" data-options=\"{&quot;slug&quot;:&quot;custom&quot;,&quot;name&quot;:&quot;Contact Form&quot;,&quot;ajaxUrl&quot;:&quot;https:\\\/\\\/erotik.com\\\/blog\\\/wp-admin\\\/admin-ajax.php&quot;,&quot;clearOnSuccess&quot;:true,&quot;hideOnSuccess&quot;:false,&quot;successMessage&quot;:&quot;Vielen Dank f\\u00fcr deine Nachricht. Wir melden uns bei dir.&quot;,&quot;errorMessage&quot;:&quot;Ein Fehler ist aufgetreten.&quot;,&quot;redirect&quot;:false,&quot;redirectUrl&quot;:&quot;&quot;,&quot;customJavaScript&quot;:&quot;&quot;,&quot;recaptcha&quot;:{&quot;key&quot;:&quot;&quot;,&quot;enabled&quot;:false},&quot;honeypot_enabled&quot;:true,&quot;popupsOnSuccess&quot;:[],&quot;popupsOnError&quot;:[]}\" data-steps=\"0\" >\n  \n  \n  \n<div class=\"breakdance-form-field breakdance-form-field--text\" >\n    \n    \n            <label class=\"breakdance-form-field__label\" for=\"name\">\n            Ihr Vor- und Nachname<span class=\"breakdance-form-field__required\">*<\/span>\n        <\/label>\n    \n    <input\n    class=\"breakdance-form-field__input\"\n    id=\"name\"\n    aria-describedby=\"name\"\n    type=\"text\"\n    name=\"fields[name]\"\n    placeholder=\"\"\n    value=\"\"\n                \n        \n        \n    required\n    \n    \n    \n>\n\n\n    \n    \n<\/div>\n\n\n<div class=\"breakdance-form-field breakdance-form-field--email\" >\n    \n    \n            <label class=\"breakdance-form-field__label\" for=\"email\">\n            Ihre E-Mail-Adresse<span class=\"breakdance-form-field__required\">*<\/span>\n        <\/label>\n    \n    <input\n    class=\"breakdance-form-field__input\"\n    id=\"email\"\n    aria-describedby=\"email\"\n    type=\"email\"\n    name=\"fields[email]\"\n    placeholder=\"\"\n    value=\"\"\n                \n        \n        \n    required\n    \n    \n    \n>\n\n\n    \n    \n<\/div>\n\n\n<div class=\"breakdance-form-field breakdance-form-field--textarea\" >\n    \n    \n            <label class=\"breakdance-form-field__label\" for=\"message\">\n            Ihre Nachricht an uns<span class=\"breakdance-form-field__required\">*<\/span>\n        <\/label>\n    \n    <textarea\n    class=\"breakdance-form-field__input\"\n    id=\"message\"\n    aria-describedby=\"message\"\n    type=\"textarea\"\n    name=\"fields[message]\"\n        placeholder=\"\"\n    required\n    >\n<\/textarea>\n\n\n    \n    \n<\/div>\n\n\n<div class=\"breakdance-form-field breakdance-form-field--hpinput\" >\n    \n    \n            <label class=\"breakdance-form-field__label\" for=\"hpname\">\n            HP Name\n        <\/label>\n    \n    <input\n    class=\"breakdance-form-field__input\"\n    id=\"hpname\"\n    aria-describedby=\"hpname\"\n    type=\"hpinput\"\n    name=\"fields[hpname]\"\n    placeholder=\"\"\n    value=\"\"\n                \n        \n        \n    \n    autocomplete=\"off\"\n    tabindex=\"-1\"\n    \n>\n\n\n    \n    \n<\/div>\n\n\n  \n\n<div class=\"breakdance-form-field breakdance-form-footer\">\n    \n    \n                                    \n    \n    \n    \n    \n            \n            <button type=\"submit\" class=\"button-atom button-atom--primary breakdance-form-button breakdance-form-button__submit\"  >\n    \n        <span class=\"button-atom__text\">Anfrage absenden<\/span>\n\n        \n        \n            <\/button>\n    \n    <input type=\"hidden\" name=\"form_id\" value=\"100\">\n    <input type=\"hidden\" name=\"post_id\" value=\"39194\">\n<\/div>\n\n  \n<\/form>\n\n\n<\/div>","protected":false},"excerpt":{"rendered":"<p>Sie m\u00f6chten Ihren Content gerne auf EROTIK.com vermarkten und von unserem Kundenstamm, unserer langj\u00e4hrigen Erfahrungen und weltweiten Reichweite profitieren? Wir bieten unterschiedliche Modelle zur Vermarktung ihres Contents: Content-Lizenzierung mit Revenue Share Wir platzieren Ihren Content auf EROTIK.com und Sie erhalten eine feste Provision f\u00fcr jeden verkauften Film. Dieses Modell wird meist von gr\u00f6\u00dferen Produzenten bevorzugt, [&hellip;]<\/p>\n","protected":false},"author":1,"featured_media":0,"parent":0,"menu_order":0,"comment_status":"closed","ping_status":"closed","template":"","meta":{"_acf_changed":false,"_seopress_robots_primary_cat":"","_seopress_titles_title":"Porno Content Lizensierung \/ Ankauf - EROTIK.com","_seopress_titles_desc":"Sie m\u00f6chten Ihren Content gerne auf Erotik.com vermarkten und von unserem Kundenstamm, unserer langj\u00e4hrigen Erfahrungen und unserer weltweiten Reichweite profitieren? Dann melden Sie sich bei uns!","_seopress_robots_index":"yes","_relevanssi_hide_post":"","_relevanssi_hide_content":"","_relevanssi_pin_for_all":"","_relevanssi_pin_keywords":"","_relevanssi_unpin_keywords":"","_relevanssi_related_keywords":"","_relevanssi_related_include_ids":"","_relevanssi_related_exclude_ids":"","_relevanssi_related_no_append":"","_relevanssi_related_not_related":"","_relevanssi_related_posts":"","_relevanssi_noindex_reason":"","footnotes":""},"hf_cat_page":[],"class_list":["post-7357","page","type-page","status-publish"],"acf":[],"_links":{"self":[{"href":"https:\/\/erotik.com\/blog\/wp-json\/wp\/v2\/pages\/7357","targetHints":{"allow":["GET"]}}],"collection":[{"href":"https:\/\/erotik.com\/blog\/wp-json\/wp\/v2\/pages"}],"about":[{"href":"https:\/\/erotik.com\/blog\/wp-json\/wp\/v2\/types\/page"}],"author":[{"embeddable":true,"href":"https:\/\/erotik.com\/blog\/wp-json\/wp\/v2\/users\/1"}],"replies":[{"embeddable":true,"href":"https:\/\/erotik.com\/blog\/wp-json\/wp\/v2\/comments?post=7357"}],"version-history":[{"count":0,"href":"https:\/\/erotik.com\/blog\/wp-json\/wp\/v2\/pages\/7357\/revisions"}],"wp:attachment":[{"href":"https:\/\/erotik.com\/blog\/wp-json\/wp\/v2\/media?parent=7357"}],"wp:term":[{"taxonomy":"hf_cat_page","embeddable":true,"href":"https:\/\/erotik.com\/blog\/wp-json\/wp\/v2\/hf_cat_page?post=7357"}],"curies":[{"name":"wp","href":"https:\/\/api.w.org\/{rel}","templated":true}]}}